{"id":111,"date":"2024-01-24T17:09:17","date_gmt":"2024-01-24T16:09:17","guid":{"rendered":"https:\/\/www.escrimevelizy.fr\/?page_id=111"},"modified":"2025-02-03T18:40:40","modified_gmt":"2025-02-03T17:40:40","slug":"le-club","status":"publish","type":"page","link":"https:\/\/www.escrimevelizy.fr\/?page_id=111","title":{"rendered":"Le Club"},"content":{"rendered":"\n<p>Bureau et Ma\u00eetre d\u2019armes&nbsp;:<\/p>\n\n\n\n<p>Camila VERJUS \u2013 Pr\u00e9sidente<\/p>\n\n\n\n<p>Ga\u00ebl VERMANT \u2013 Vice-Pr\u00e9sident<\/p>\n\n\n\n<p>Maud LEROY \u2013 Tr\u00e9sori\u00e8re<\/p>\n\n\n\n<p>Benjamin JACQUART \u2013 Secr\u00e9taire<\/p>\n\n\n\n<p>Anne COLAS \u2013 Comit\u00e9 Directeur<\/p>\n\n\n\n<p>H\u00e9l\u00e8ne GRAVAT \u2013 Comit\u00e9 Directeur<\/p>\n\n\n\n<p>Aur\u00e9lie GOUNET \u2013 Comit\u00e9 Directeur<\/p>\n\n\n\n<p>Xavier VALLET \u2013 Comit\u00e9 Directeur<\/p>\n\n\n\n<p>Yvan MEYER \u2013 Ma\u00eetre d\u2019armes depuis 1992<\/p>\n\n\n\n<p><\/p>\n\n\n\n<p><\/p>\n\n\n\n<p><\/p>\n\n\n\n<p>Status du CEV&nbsp;:<\/p>\n\n\n\n<div data-wp-interactive=\"core\/file\" class=\"wp-block-file\"><object data-wp-bind--hidden=\"!state.hasPdfPreview\" hidden class=\"wp-block-file__embed\" data=\"http:\/\/www.escrimevelizy.fr\/wp-content\/uploads\/2024\/01\/StatusCEV_2023_signed-1.pdf\" type=\"application\/pdf\" style=\"width:100%;height:440px\" aria-label=\"Embed of StatusCEV_2023_signed.\"><\/object><a id=\"wp-block-file--media-b431b14e-56a4-4910-a9ff-5461b47b584e\" href=\"http:\/\/www.escrimevelizy.fr\/wp-content\/uploads\/2024\/01\/StatusCEV_2023_signed-1.pdf\">StatusCEV_2023_signed<\/a><a href=\"http:\/\/www.escrimevelizy.fr\/wp-content\/uploads\/2024\/01\/StatusCEV_2023_signed-1.pdf\" class=\"wp-block-file__button wp-element-button\" download aria-describedby=\"wp-block-file--media-b431b14e-56a4-4910-a9ff-5461b47b584e\">T\u00e9l\u00e9charger<\/a><\/div>\n","protected":false},"excerpt":{"rendered":"<p>Bureau et Ma\u00eetre d\u2019armes&nbsp;: Camila VERJUS \u2013 Pr\u00e9sidente Ga\u00ebl VERMANT \u2013 Vice-Pr\u00e9sident Maud LEROY \u2013 Tr\u00e9sori\u00e8re Benjamin JACQUART \u2013 Secr\u00e9taire Anne COLAS \u2013 Comit\u00e9 Directeur H\u00e9l\u00e8ne GRAVAT \u2013 Comit\u00e9 Directeur Aur\u00e9lie GOUNET \u2013 Comit\u00e9 Directeur Xavier VALLET \u2013 Comit\u00e9 Directeur Yvan MEYER \u2013 Ma\u00eetre d\u2019armes depuis 1992 Status du CEV&nbsp;:<\/p>\n","protected":false},"author":2,"featured_media":0,"parent":0,"menu_order":0,"comment_status":"closed","ping_status":"closed","template":"","meta":{"footnotes":""},"class_list":["post-111","page","type-page","status-publish","hentry"],"_links":{"self":[{"href":"https:\/\/www.escrimevelizy.fr\/index.php?rest_route=\/wp\/v2\/pages\/111","targetHints":{"allow":["GET"]}}],"collection":[{"href":"https:\/\/www.escrimevelizy.fr\/index.php?rest_route=\/wp\/v2\/pages"}],"about":[{"href":"https:\/\/www.escrimevelizy.fr\/index.php?rest_route=\/wp\/v2\/types\/page"}],"author":[{"embeddable":true,"href":"https:\/\/www.escrimevelizy.fr\/index.php?rest_route=\/wp\/v2\/users\/2"}],"replies":[{"embeddable":true,"href":"https:\/\/www.escrimevelizy.fr\/index.php?rest_route=%2Fwp%2Fv2%2Fcomments&post=111"}],"version-history":[{"count":10,"href":"https:\/\/www.escrimevelizy.fr\/index.php?rest_route=\/wp\/v2\/pages\/111\/revisions"}],"predecessor-version":[{"id":251,"href":"https:\/\/www.escrimevelizy.fr\/index.php?rest_route=\/wp\/v2\/pages\/111\/revisions\/251"}],"wp:attachment":[{"href":"https:\/\/www.escrimevelizy.fr\/index.php?rest_route=%2Fwp%2Fv2%2Fmedia&parent=111"}],"curies":[{"name":"wp","href":"https:\/\/api.w.org\/{rel}","templated":true}]}}