{"id":144,"date":"2024-01-24T20:04:27","date_gmt":"2024-01-24T19:04:27","guid":{"rendered":"https:\/\/www.escrimevelizy.fr\/?page_id=144"},"modified":"2024-09-17T22:07:36","modified_gmt":"2024-09-17T20:07:36","slug":"partenariats","status":"publish","type":"page","link":"https:\/\/www.escrimevelizy.fr\/?page_id=144","title":{"rendered":"Partenariats"},"content":{"rendered":"\n<p><\/p>\n\n\n\n<p><\/p>\n\n\n\n<figure class=\"wp-block-image size-full\"><img loading=\"lazy\" decoding=\"async\" width=\"1024\" height=\"585\" src=\"http:\/\/www.escrimevelizy.fr\/wp-content\/uploads\/2024\/01\/VIP-PASS.jpeg\" alt=\"\" class=\"wp-image-151\" srcset=\"https:\/\/www.escrimevelizy.fr\/wp-content\/uploads\/2024\/01\/VIP-PASS.jpeg 1024w, https:\/\/www.escrimevelizy.fr\/wp-content\/uploads\/2024\/01\/VIP-PASS-300x171.jpeg 300w, https:\/\/www.escrimevelizy.fr\/wp-content\/uploads\/2024\/01\/VIP-PASS-768x439.jpeg 768w\" sizes=\"auto, (max-width: 1024px) 100vw, 1024px\" \/><\/figure>\n\n\n\n<p>Il y a aussi Carrefour :<\/p>\n\n\n\n<p>Jusqu\u2019au 31\/06\/2024, gr\u00e2ce \u00e0 votre Carte Carrefour, soutenez notre club d&#8217;escrime !<\/p>\n\n\n\n<p>Si vous avez la Carte Carrefour et l&#8217;appli sur votre portable, en achetant des produits Primes Fid\u00e9lit\u00e9, cumulez des points pour notre club !&nbsp;<\/p>\n\n\n\n<p>Plus notre club a de points, plus nous pouvons d\u00e9bloquer des \u00e9quipements sportifs. Alors, qu\u2019attendez-vous pour soutenir notre club ?<\/p>\n\n\n\n<p>Voici le lien pour vous inscrire:<\/p>\n\n\n\n<p><a href=\"https:\/\/client-primes-jo.carrefour.fr\/NoAccount.aspx\">Programme Clubs de Sport (carrefour.fr)<\/a><\/p>\n\n\n\n<p><\/p>\n\n\n\n<p>Une fois dans l&#8217;appli, vous cliquez sur Soutenir un Club et nous sommes l\u00e0-bas \ud83d\ude42<\/p>\n\n\n\n<figure class=\"wp-block-image size-full\"><img loading=\"lazy\" decoding=\"async\" width=\"361\" height=\"641\" src=\"http:\/\/www.escrimevelizy.fr\/wp-content\/uploads\/2024\/02\/Carrefour.partenariat.png\" alt=\"\" class=\"wp-image-173\" srcset=\"https:\/\/www.escrimevelizy.fr\/wp-content\/uploads\/2024\/02\/Carrefour.partenariat.png 361w, https:\/\/www.escrimevelizy.fr\/wp-content\/uploads\/2024\/02\/Carrefour.partenariat-169x300.png 169w\" sizes=\"auto, (max-width: 361px) 100vw, 361px\" \/><\/figure>\n\n\n\n<figure class=\"wp-block-image size-full\"><img loading=\"lazy\" decoding=\"async\" width=\"838\" height=\"309\" src=\"http:\/\/www.escrimevelizy.fr\/wp-content\/uploads\/2024\/09\/Coupon_InterSport24_25_Partenariats.jpg\" alt=\"\" class=\"wp-image-217\" srcset=\"https:\/\/www.escrimevelizy.fr\/wp-content\/uploads\/2024\/09\/Coupon_InterSport24_25_Partenariats.jpg 838w, https:\/\/www.escrimevelizy.fr\/wp-content\/uploads\/2024\/09\/Coupon_InterSport24_25_Partenariats-300x111.jpg 300w, https:\/\/www.escrimevelizy.fr\/wp-content\/uploads\/2024\/09\/Coupon_InterSport24_25_Partenariats-768x283.jpg 768w\" sizes=\"auto, (max-width: 838px) 100vw, 838px\" \/><\/figure>\n","protected":false},"excerpt":{"rendered":"<p>Il y a aussi Carrefour : Jusqu\u2019au 31\/06\/2024, gr\u00e2ce \u00e0 votre Carte Carrefour, soutenez notre club d&#8217;escrime ! Si vous avez la Carte Carrefour et l&#8217;appli sur votre portable, en achetant des produits Primes Fid\u00e9lit\u00e9, cumulez des points pour notre club !&nbsp; Plus notre club a de points, plus nous pouvons d\u00e9bloquer des \u00e9quipements sportifs. [&hellip;]<\/p>\n","protected":false},"author":2,"featured_media":0,"parent":0,"menu_order":0,"comment_status":"closed","ping_status":"closed","template":"","meta":{"footnotes":""},"class_list":["post-144","page","type-page","status-publish","hentry"],"_links":{"self":[{"href":"https:\/\/www.escrimevelizy.fr\/index.php?rest_route=\/wp\/v2\/pages\/144","targetHints":{"allow":["GET"]}}],"collection":[{"href":"https:\/\/www.escrimevelizy.fr\/index.php?rest_route=\/wp\/v2\/pages"}],"about":[{"href":"https:\/\/www.escrimevelizy.fr\/index.php?rest_route=\/wp\/v2\/types\/page"}],"author":[{"embeddable":true,"href":"https:\/\/www.escrimevelizy.fr\/index.php?rest_route=\/wp\/v2\/users\/2"}],"replies":[{"embeddable":true,"href":"https:\/\/www.escrimevelizy.fr\/index.php?rest_route=%2Fwp%2Fv2%2Fcomments&post=144"}],"version-history":[{"count":5,"href":"https:\/\/www.escrimevelizy.fr\/index.php?rest_route=\/wp\/v2\/pages\/144\/revisions"}],"predecessor-version":[{"id":218,"href":"https:\/\/www.escrimevelizy.fr\/index.php?rest_route=\/wp\/v2\/pages\/144\/revisions\/218"}],"wp:attachment":[{"href":"https:\/\/www.escrimevelizy.fr\/index.php?rest_route=%2Fwp%2Fv2%2Fmedia&parent=144"}],"curies":[{"name":"wp","href":"https:\/\/api.w.org\/{rel}","templated":true}]}}