{"id":15,"date":"2023-12-25T10:54:11","date_gmt":"2023-12-25T09:54:11","guid":{"rendered":"https:\/\/www.escrimevelizy.fr\/?page_id=15"},"modified":"2024-12-28T19:03:29","modified_gmt":"2024-12-28T18:03:29","slug":"horaires","status":"publish","type":"page","link":"https:\/\/www.escrimevelizy.fr\/?page_id=15","title":{"rendered":"Horaires"},"content":{"rendered":"\n<p>Horaires des cours :<\/p>\n\n\n\n<ul class=\"wp-block-list\">\n<li>Le lundi et le mercredi :\n<ul class=\"wp-block-list\">\n<li>17h30-18h30 : Groupe 1 (d\u00e9butants de 6 \u00e0 10 ans)<em> fleuret<\/em><\/li>\n\n\n\n<li>18h30-20h00 : Groupe 2 (confirm\u00e9s jusqu&#8217;\u00e0 13 ans et d\u00e9butants de 11 \u00e0 13 ans) <em>fleuret<\/em><\/li>\n\n\n\n<li>19h00-21h00 : Groupe 3 (adolescents \u00e0 partir de 13 ans) <em>fleuret<\/em><\/li>\n\n\n\n<li>20h00-22h00 : Groupe 4 (adultes) <em>fleuret et \u00e9p\u00e9e<\/em><\/li>\n<\/ul>\n<\/li>\n\n\n\n<li>Le jeudi :\n<ul class=\"wp-block-list\">\n<li>20h00-22h00 : Groupe 4 (adh\u00e9rents d\u00e9j\u00e0 inscrits) <em>fleuret et \u00e9p\u00e9e<\/em><\/li>\n<\/ul>\n<\/li>\n<\/ul>\n","protected":false},"excerpt":{"rendered":"<p>Horaires des cours :<\/p>\n","protected":false},"author":1,"featured_media":0,"parent":0,"menu_order":0,"comment_status":"closed","ping_status":"closed","template":"","meta":{"footnotes":""},"class_list":["post-15","page","type-page","status-publish","hentry"],"_links":{"self":[{"href":"https:\/\/www.escrimevelizy.fr\/index.php?rest_route=\/wp\/v2\/pages\/15","targetHints":{"allow":["GET"]}}],"collection":[{"href":"https:\/\/www.escrimevelizy.fr\/index.php?rest_route=\/wp\/v2\/pages"}],"about":[{"href":"https:\/\/www.escrimevelizy.fr\/index.php?rest_route=\/wp\/v2\/types\/page"}],"author":[{"embeddable":true,"href":"https:\/\/www.escrimevelizy.fr\/index.php?rest_route=\/wp\/v2\/users\/1"}],"replies":[{"embeddable":true,"href":"https:\/\/www.escrimevelizy.fr\/index.php?rest_route=%2Fwp%2Fv2%2Fcomments&post=15"}],"version-history":[{"count":7,"href":"https:\/\/www.escrimevelizy.fr\/index.php?rest_route=\/wp\/v2\/pages\/15\/revisions"}],"predecessor-version":[{"id":243,"href":"https:\/\/www.escrimevelizy.fr\/index.php?rest_route=\/wp\/v2\/pages\/15\/revisions\/243"}],"wp:attachment":[{"href":"https:\/\/www.escrimevelizy.fr\/index.php?rest_route=%2Fwp%2Fv2%2Fmedia&parent=15"}],"curies":[{"name":"wp","href":"https:\/\/api.w.org\/{rel}","templated":true}]}}