{"id":36,"date":"2023-12-25T11:02:45","date_gmt":"2023-12-25T10:02:45","guid":{"rendered":"https:\/\/www.escrimevelizy.fr\/?page_id=36"},"modified":"2025-09-07T10:26:26","modified_gmt":"2025-09-07T08:26:26","slug":"cercle-descrime-velizien","status":"publish","type":"page","link":"https:\/\/www.escrimevelizy.fr\/","title":{"rendered":"Accueil"},"content":{"rendered":"\n<p><\/p>\n\n\n\n<h2 class=\"wp-block-heading\"><strong>Cercle d&#8217;Escrime V\u00e9lizien<\/strong><\/h2>\n\n\n\n<figure class=\"wp-block-image size-full is-resized\"><img loading=\"lazy\" decoding=\"async\" width=\"535\" height=\"535\" src=\"http:\/\/www.escrimevelizy.fr\/wp-content\/uploads\/2024\/01\/logo.jpg\" alt=\"\" class=\"wp-image-63\" style=\"width:109px;height:auto\" srcset=\"https:\/\/www.escrimevelizy.fr\/wp-content\/uploads\/2024\/01\/logo.jpg 535w, https:\/\/www.escrimevelizy.fr\/wp-content\/uploads\/2024\/01\/logo-300x300.jpg 300w, https:\/\/www.escrimevelizy.fr\/wp-content\/uploads\/2024\/01\/logo-150x150.jpg 150w\" sizes=\"auto, (max-width: 535px) 100vw, 535px\" \/><\/figure>\n\n\n\n<p>Bienvenue au club d&#8217;escrime de V\u00e9lizy, notre club est ouvert pour la saison 2025-2026, vous trouverez la fiche d&#8217;inscription dans &#8220;Tarifs&#8221;, et n&#8217;h\u00e9sitez pas \u00e0 passez au club.<\/p>\n\n\n\n<figure class=\"wp-block-image size-full\"><img loading=\"lazy\" decoding=\"async\" width=\"678\" height=\"964\" src=\"http:\/\/www.escrimevelizy.fr\/wp-content\/uploads\/2025\/02\/45ans_Club.jpg\" alt=\"\" class=\"wp-image-253\" srcset=\"https:\/\/www.escrimevelizy.fr\/wp-content\/uploads\/2025\/02\/45ans_Club.jpg 678w, https:\/\/www.escrimevelizy.fr\/wp-content\/uploads\/2025\/02\/45ans_Club-211x300.jpg 211w\" sizes=\"auto, (max-width: 678px) 100vw, 678px\" \/><\/figure>\n\n\n\n<h2 class=\"wp-block-heading\">Championnat Ile-de-France M15 Hommes et Dames<\/h2>\n\n\n\n<p>16 Mars au Gymnase Vazeille<\/p>\n\n\n\n<p>Venez d\u00e9couvrir ce sport le 16 Mars 2025 \u00e0 Vazeille, supportez nos tireurs \u00e0 partir de 9h, et profitez de notre buvette pour d\u00e9guster la meilleure cr\u00eape \u263a\ufe0f<\/p>\n\n\n\n<figure class=\"wp-block-image size-full is-resized\"><img loading=\"lazy\" decoding=\"async\" width=\"640\" height=\"480\" src=\"https:\/\/www.escrimevelizy.fr\/wp-content\/uploads\/2024\/02\/Escrimev1.jpeg\" alt=\"\" class=\"wp-image-186\" style=\"width:249px;height:auto\" srcset=\"https:\/\/www.escrimevelizy.fr\/wp-content\/uploads\/2024\/02\/Escrimev1.jpeg 640w, https:\/\/www.escrimevelizy.fr\/wp-content\/uploads\/2024\/02\/Escrimev1-300x225.jpeg 300w\" sizes=\"auto, (max-width: 640px) 100vw, 640px\" \/><\/figure>\n\n\n\n<figure class=\"wp-block-image size-large is-resized\"><img loading=\"lazy\" decoding=\"async\" width=\"768\" height=\"1024\" src=\"http:\/\/www.escrimevelizy.fr\/wp-content\/uploads\/2024\/02\/Escrimev2-768x1024.jpeg\" alt=\"\" class=\"wp-image-187\" style=\"width:228px;height:auto\" srcset=\"https:\/\/www.escrimevelizy.fr\/wp-content\/uploads\/2024\/02\/Escrimev2-768x1024.jpeg 768w, https:\/\/www.escrimevelizy.fr\/wp-content\/uploads\/2024\/02\/Escrimev2-225x300.jpeg 225w, https:\/\/www.escrimevelizy.fr\/wp-content\/uploads\/2024\/02\/Escrimev2-1152x1536.jpeg 1152w, https:\/\/www.escrimevelizy.fr\/wp-content\/uploads\/2024\/02\/Escrimev2-1200x1600.jpeg 1200w, https:\/\/www.escrimevelizy.fr\/wp-content\/uploads\/2024\/02\/Escrimev2.jpeg 1500w\" sizes=\"auto, (max-width: 768px) 100vw, 768px\" \/><\/figure>\n\n\n\n<h2 class=\"wp-block-heading\">\u00c0 propos du CEV<\/h2>\n\n\n\n<p>Le Cercle d\u2019Escrime V\u00e9lizien est une association loi 1901 fond\u00e9e le 20 f\u00e9vrier 1980. Cette association a pour but de permettre \u00e0 ses membres la pratique de l\u2019escrime, de former leur encadrement, leurs arbitres et g\u00e9n\u00e9ralement de favoriser par tous les moyens la pratique de l\u2019escrime et l\u2019\u00e9panouissement des escrimeurs dans le respect des r\u00e8glements de la FFE.<\/p>\n\n\n\n<p><\/p>\n\n\n\n<h3 class=\"wp-block-heading\"><strong>Le\u00e7ons par niveau\\\u00e2ge<\/strong><\/h3>\n\n\n\n<p>Dans ce club d&#8217;escrime vos entrainements sont r\u00e9alis\u00e9s en groupes selon votre niveau\\\u00e2ge.<\/p>\n\n\n\n<p>Groupe 1 = D\u00e9butans de 6 ans \u00e0 10 ans&nbsp; &nbsp; &nbsp; &nbsp; &nbsp; &nbsp; &nbsp; &nbsp; &nbsp; &nbsp; &nbsp; &nbsp; &nbsp; &nbsp; &nbsp; &nbsp; &nbsp; &nbsp; &nbsp; &nbsp; &nbsp;<\/p>\n\n\n\n<p>Groupe 2 = Confirm\u00e9s jusqu&#8217;\u00e0 13 ans et d\u00e9butants de 11 \u00e0 13 ans&nbsp;<\/p>\n\n\n\n<p>Groupe 3 = Adolescents \u00e0 partir de 13 ans<\/p>\n\n\n\n<p>Groupe 4 = Confirm\u00e9s et d\u00e9butants adultes&nbsp; &nbsp;<\/p>\n\n\n\n<h3 class=\"wp-block-heading\"><strong>\u00c9quipements de qualit\u00e9s<\/strong><\/h3>\n\n\n\n<p>Des \u00e9quipements&nbsp;de qualit\u00e9s sont mis \u00e0 disposition dans notre club afin de vous mettre en condition&nbsp;r\u00e9elle. Pr\u00e9parez les prochaines comp\u00e9titions en toute s\u00e9r\u00e9nit\u00e9.<\/p>\n\n\n\n<p>Au club d&#8217;escrime de V\u00e9lizy, nous mettons \u00e0 votre disposition des services sur-mesure, personnalis\u00e9s selon vos besoins.<\/p>\n\n\n\n<p><\/p>\n\n\n\n<h2 class=\"wp-block-heading\">Devenir Arbitre <\/h2>\n\n\n\n<figure class=\"wp-block-image size-full\"><img loading=\"lazy\" decoding=\"async\" width=\"872\" height=\"675\" src=\"http:\/\/www.escrimevelizy.fr\/wp-content\/uploads\/2024\/01\/ArbitrageCEV.png\" alt=\"\" class=\"wp-image-120\" srcset=\"https:\/\/www.escrimevelizy.fr\/wp-content\/uploads\/2024\/01\/ArbitrageCEV.png 872w, https:\/\/www.escrimevelizy.fr\/wp-content\/uploads\/2024\/01\/ArbitrageCEV-300x232.png 300w, https:\/\/www.escrimevelizy.fr\/wp-content\/uploads\/2024\/01\/ArbitrageCEV-768x594.png 768w\" sizes=\"auto, (max-width: 872px) 100vw, 872px\" \/><\/figure>\n\n\n\n<p><\/p>\n\n\n\n<h3 class=\"wp-block-heading\"><strong>Les bienfaits de l&#8217;escrime<\/strong><\/h3>\n\n\n\n<p>L&#8217;escrime&nbsp;apporte de nombreux bienfaits pour la sant\u00e9.<\/p>\n\n\n\n<p>Force et endurance<\/p>\n\n\n\n<p>Augmentation de la capacit\u00e9 ana\u00e9robie<\/p>\n\n\n\n<p>Met l&#8217;accent sur l&#8217;agilit\u00e9, l&#8217;alternance et l&#8217;endurance<\/p>\n\n\n\n<p>Agilit\u00e9 mentale accrue<\/p>\n\n\n\n<p>Souplesse et flexibilit\u00e9 accrue<\/p>\n\n\n\n<p>R\u00e9duction du stress<\/p>\n\n\n\n<p>Am\u00e9lioration de la condition a\u00e9robie<\/p>\n\n\n\n<p>Sant\u00e9 cardiovasculaire<\/p>\n\n\n\n<p>Am\u00e9lioration de la coordination<\/p>\n\n\n\n<p><\/p>\n\n\n\n<h3 class=\"wp-block-heading\"><strong>Un sport qui se d\u00e9veloppe dans toute la France<\/strong><\/h3>\n\n\n\n<p>Le savais-tu ? L&#8217;escrime&nbsp;a connu ces derni\u00e8res ann\u00e9es un&nbsp;v\u00e9ritable engouement notamment avec un nombre record de 52.612 pratiquants en France en 2022.<\/p>\n\n\n\n<p><\/p>\n\n\n\n<h2 class=\"wp-block-heading\">L&#8217;Escrime au JO<\/h2>\n\n\n\n<figure class=\"wp-block-image size-full is-resized\"><img loading=\"lazy\" decoding=\"async\" width=\"610\" height=\"409\" src=\"http:\/\/www.escrimevelizy.fr\/wp-content\/uploads\/2024\/01\/MascoteJO.jpg\" alt=\"\" class=\"wp-image-88\" style=\"width:227px;height:auto\" srcset=\"https:\/\/www.escrimevelizy.fr\/wp-content\/uploads\/2024\/01\/MascoteJO.jpg 610w, https:\/\/www.escrimevelizy.fr\/wp-content\/uploads\/2024\/01\/MascoteJO-300x201.jpg 300w\" sizes=\"auto, (max-width: 610px) 100vw, 610px\" \/><\/figure>\n\n\n\n<p>L&#8217;escrime fran\u00e7aise (fleuret, \u00e9p\u00e9e et sabre) compte le plus de m\u00e9dailles au JO pour la France. La France a remport\u00e9 7 m\u00e9dailles aux JO de Paris, dont une en or.<\/p>\n\n\n\n<p>\ud83c\udfc5 MAGNIFIQUE !&nbsp;\ud83c\uddeb\ud83c\uddf7<\/p>\n\n\n\n<p>\u27a1\ufe0fC&#8217;est parti avec les curiosit\u00e9s :&nbsp;<\/p>\n\n\n\n<p>\ud83c\udfc5Toutes les m\u00e9dailles sont incrust\u00e9es d&#8217;un fragment du m\u00e9tal d&#8217;origine de la Tour Eiffel en forme hexagonale qui ressemble \u00e0 la carte de France.&nbsp;<\/p>\n\n\n\n<p>\ud83c\udfc5La m\u00e9daille d&#8217;or est plus lourde que la m\u00e9daille d&#8217;argent, qui, \u00e0 son tour, est plus lourde que la m\u00e9daille de bronze.&nbsp;<\/p>\n\n\n\n<p>\ud83c\udfc5 La Maison Chaumet, entreprise de joaillerie de luxe, a sign\u00e9 le projet de conception de la m\u00e9daille.&nbsp;<\/p>\n\n\n\n<p>\ud83c\udfc5 Pour les m\u00e9dailles paralympiques, le dessin au dos sera une vue inf\u00e9rieure de la Tour Eiffel, avec l&#8217;inscription Paris-2024 en braille universel. Chaque m\u00e9daille mesure 85 mm de diam\u00e8tre, 9,2 mm d&#8217;\u00e9paisseur et p\u00e8se diff\u00e9rents : 529 grammes pour l&#8217;or, 525 grammes pour l&#8217;argent et 455 grammes pour le bronze.&nbsp;\ud83d\udcf8@paris2024<\/p>\n\n\n\n<figure class=\"wp-block-image size-full\"><img loading=\"lazy\" decoding=\"async\" width=\"640\" height=\"541\" src=\"http:\/\/www.escrimevelizy.fr\/wp-content\/uploads\/2024\/02\/Medailles.jpg\" alt=\"\" class=\"wp-image-184\" srcset=\"https:\/\/www.escrimevelizy.fr\/wp-content\/uploads\/2024\/02\/Medailles.jpg 640w, https:\/\/www.escrimevelizy.fr\/wp-content\/uploads\/2024\/02\/Medailles-300x254.jpg 300w\" sizes=\"auto, (max-width: 640px) 100vw, 640px\" \/><\/figure>\n\n\n\n<h3 class=\"wp-block-heading\">Inscriptions ???<\/h3>\n\n\n\n<p>Suite \u00e0 vos deux s\u00e9ances d&#8217;essai gratuites, vous r\u00eavez d&#8217;int\u00e9grer notre club d&#8217;escrime pour pratiquer cette discipline sportive ? N&#8217;h\u00e9sitez pas \u00e0 nous contacter afin d&#8217;obtenir de plus amples informations notamment sur les frais d&#8217;inscription, le co\u00fbt de l&#8217;adh\u00e9sion annuel et les cours collectifs. Pour s&#8217;inscrire veulliez nous contactez par mail ou directement au club.<\/p>\n\n\n\n<p><\/p>\n\n\n\n<figure class=\"wp-block-image size-full\"><img loading=\"lazy\" decoding=\"async\" width=\"640\" height=\"442\" src=\"http:\/\/www.escrimevelizy.fr\/wp-content\/uploads\/2024\/02\/club-labellise.jpeg\" alt=\"\" class=\"wp-image-182\" srcset=\"https:\/\/www.escrimevelizy.fr\/wp-content\/uploads\/2024\/02\/club-labellise.jpeg 640w, https:\/\/www.escrimevelizy.fr\/wp-content\/uploads\/2024\/02\/club-labellise-300x207.jpeg 300w\" sizes=\"auto, (max-width: 640px) 100vw, 640px\" \/><\/figure>\n\n\n\n<p><\/p>\n\n\n\n<p><\/p>\n\n\n\n<p>Site cr\u00e9e et entretenue par Benjamin Jacquart  et Henri Verjus tireurs du club.<\/p>\n","protected":false},"excerpt":{"rendered":"<p>Cercle d&#8217;Escrime V\u00e9lizien Bienvenue au club d&#8217;escrime de V\u00e9lizy, notre club est ouvert pour la saison 2025-2026, vous trouverez la fiche d&#8217;inscription dans &#8220;Tarifs&#8221;, et n&#8217;h\u00e9sitez pas \u00e0 passez au club. Championnat Ile-de-France M15 Hommes et Dames 16 Mars au Gymnase Vazeille Venez d\u00e9couvrir ce sport le 16 Mars 2025 \u00e0 Vazeille, supportez nos tireurs [&hellip;]<\/p>\n","protected":false},"author":1,"featured_media":0,"parent":0,"menu_order":0,"comment_status":"closed","ping_status":"closed","template":"","meta":{"footnotes":""},"class_list":["post-36","page","type-page","status-publish","hentry"],"_links":{"self":[{"href":"https:\/\/www.escrimevelizy.fr\/index.php?rest_route=\/wp\/v2\/pages\/36","targetHints":{"allow":["GET"]}}],"collection":[{"href":"https:\/\/www.escrimevelizy.fr\/index.php?rest_route=\/wp\/v2\/pages"}],"about":[{"href":"https:\/\/www.escrimevelizy.fr\/index.php?rest_route=\/wp\/v2\/types\/page"}],"author":[{"embeddable":true,"href":"https:\/\/www.escrimevelizy.fr\/index.php?rest_route=\/wp\/v2\/users\/1"}],"replies":[{"embeddable":true,"href":"https:\/\/www.escrimevelizy.fr\/index.php?rest_route=%2Fwp%2Fv2%2Fcomments&post=36"}],"version-history":[{"count":31,"href":"https:\/\/www.escrimevelizy.fr\/index.php?rest_route=\/wp\/v2\/pages\/36\/revisions"}],"predecessor-version":[{"id":261,"href":"https:\/\/www.escrimevelizy.fr\/index.php?rest_route=\/wp\/v2\/pages\/36\/revisions\/261"}],"wp:attachment":[{"href":"https:\/\/www.escrimevelizy.fr\/index.php?rest_route=%2Fwp%2Fv2%2Fmedia&parent=36"}],"curies":[{"name":"wp","href":"https:\/\/api.w.org\/{rel}","templated":true}]}}