{"id":9,"date":"2023-12-25T10:54:11","date_gmt":"2023-12-25T09:54:11","guid":{"rendered":"https:\/\/www.escrimevelizy.fr\/?page_id=9"},"modified":"2023-12-25T12:08:03","modified_gmt":"2023-12-25T11:08:03","slug":"contact","status":"publish","type":"page","link":"https:\/\/www.escrimevelizy.fr\/?page_id=9","title":{"rendered":"Contact"},"content":{"rendered":"\n<p>E-mail : contact.escrime.velizy@gmail.com<\/p>\n\n\n\t\t<div id=\"wpmapblock_3f7af878\" data-settings='{&quot;map_marker&quot;:[{&quot;lat&quot;:&quot;48.7840004&quot;,&quot;lng&quot;:&quot;2.1777734&quot;,&quot;title&quot;:&quot;Gymnase Robert Wagner&quot;,&quot;content&quot;:&quot;17 avenue Robert Wagner, 78140 V\\u00e9lizy-Villacoublay&quot;,&quot;iconType&quot;:&quot;default&quot;,&quot;customIconUrl&quot;:&quot;&quot;,&quot;customIconWidth&quot;:&quot;25&quot;,&quot;customIconHeight&quot;:&quot;40&quot;}],&quot;map_zoom&quot;:10,&quot;scroll_wheel_zoom&quot;:false,&quot;map_type&quot;:&quot;GM&quot;,&quot;center_index&quot;:0}' class=\"wpmapblockrender\" style=\"\n\t\t\twidth: 100%;\n\t\t\theight: 500px;\n\t\t\"><\/div>\n        \n\n\n<p>Notre salle d&#8217;armes est situ\u00e9e au sous-sol du gymnase Robert Wagner, \u00e0 V\u00e9lizy. Acc\u00e8s par l&#8217;ascenseur (niveau -1) ou les escaliers, situ\u00e9s face aux baies vitr\u00e9es de la salle de gymnastique aux agr\u00e8s. Demander \u00e0 l&#8217;accueil de la piscine si besoin.<\/p>\n\n\n\n<p>Adresse :<br>17 avenue Robert Wagner<br>78140 V\u00e9lizy-Villacoublay<\/p>\n\n\n\n<p>Acc\u00e8s :<\/p>\n\n\n\n<ul class=\"wp-block-list\">\n<li>Parkings publics gratuits autour du gymnase<\/li>\n\n\n\n<li>Tramway T6 et bus 6123, 6131, 6132, 6133, 6134, 6176 : arr\u00eat Robert Wagner<\/li>\n<\/ul>\n","protected":false},"excerpt":{"rendered":"<p>E-mail : contact.escrime.velizy@gmail.com Notre salle d&#8217;armes est situ\u00e9e au sous-sol du gymnase Robert Wagner, \u00e0 V\u00e9lizy. Acc\u00e8s par l&#8217;ascenseur (niveau -1) ou les escaliers, situ\u00e9s face aux baies vitr\u00e9es de la salle de gymnastique aux agr\u00e8s. Demander \u00e0 l&#8217;accueil de la piscine si besoin. Adresse :17 avenue Robert Wagner78140 V\u00e9lizy-Villacoublay Acc\u00e8s :<\/p>\n","protected":false},"author":1,"featured_media":0,"parent":0,"menu_order":0,"comment_status":"closed","ping_status":"closed","template":"","meta":{"footnotes":""},"class_list":["post-9","page","type-page","status-publish","hentry"],"_links":{"self":[{"href":"https:\/\/www.escrimevelizy.fr\/index.php?rest_route=\/wp\/v2\/pages\/9","targetHints":{"allow":["GET"]}}],"collection":[{"href":"https:\/\/www.escrimevelizy.fr\/index.php?rest_route=\/wp\/v2\/pages"}],"about":[{"href":"https:\/\/www.escrimevelizy.fr\/index.php?rest_route=\/wp\/v2\/types\/page"}],"author":[{"embeddable":true,"href":"https:\/\/www.escrimevelizy.fr\/index.php?rest_route=\/wp\/v2\/users\/1"}],"replies":[{"embeddable":true,"href":"https:\/\/www.escrimevelizy.fr\/index.php?rest_route=%2Fwp%2Fv2%2Fcomments&post=9"}],"version-history":[{"count":5,"href":"https:\/\/www.escrimevelizy.fr\/index.php?rest_route=\/wp\/v2\/pages\/9\/revisions"}],"predecessor-version":[{"id":46,"href":"https:\/\/www.escrimevelizy.fr\/index.php?rest_route=\/wp\/v2\/pages\/9\/revisions\/46"}],"wp:attachment":[{"href":"https:\/\/www.escrimevelizy.fr\/index.php?rest_route=%2Fwp%2Fv2%2Fmedia&parent=9"}],"curies":[{"name":"wp","href":"https:\/\/api.w.org\/{rel}","templated":true}]}}